{"id":2,"date":"2025-07-21T20:35:56","date_gmt":"2025-07-21T20:35:56","guid":{"rendered":"https:\/\/institutojoaquinmontoya.com.co\/?page_id=2"},"modified":"2025-09-08T20:45:02","modified_gmt":"2025-09-08T20:45:02","slug":"sample-page","status":"publish","type":"page","link":"https:\/\/institutojoaquinmontoya.com.co\/?page_id=2","title":{"rendered":"Visi\u00f3n"},"content":{"rendered":"<p><img loading=\"lazy\" decoding=\"async\" width=\"1024\" height=\"576\" src=\"https:\/\/institutojoaquinmontoya.com.co\/wp-content\/uploads\/2025\/09\/foto1-1024x576.jpg\" alt=\"\" srcset=\"https:\/\/institutojoaquinmontoya.com.co\/wp-content\/uploads\/2025\/09\/foto1-1024x576.jpg 1024w, https:\/\/institutojoaquinmontoya.com.co\/wp-content\/uploads\/2025\/09\/foto1-300x169.jpg 300w, https:\/\/institutojoaquinmontoya.com.co\/wp-content\/uploads\/2025\/09\/foto1-768x432.jpg 768w, https:\/\/institutojoaquinmontoya.com.co\/wp-content\/uploads\/2025\/09\/foto1-1536x864.jpg 1536w, https:\/\/institutojoaquinmontoya.com.co\/wp-content\/uploads\/2025\/09\/foto1.jpg 1920w\" sizes=\"auto, (max-width: 1024px) 100vw, 1024px\" \/>\t\t\t\t\t\t\t\t\t\t\t\t\t<\/p>\n<p>Para el a\u00f1o 2030, la Fundaci\u00f3n ser\u00e1 reconocida como una instituci\u00f3n l\u00edder a nivel departamental en el<br \/>dise\u00f1o y ejecuci\u00f3n de proyectos educativos, ambientales e investigativos, destac\u00e1ndose por promover<br \/>procesos integrales orientados por principios de sostenibilidad y responsabilidad social.<\/p>\n","protected":false},"excerpt":{"rendered":"<p>Para el a\u00f1o 2030, la Fundaci\u00f3n ser\u00e1 reconocida como una instituci\u00f3n l\u00edder a nivel departamental en eldise\u00f1o y ejecuci\u00f3n de proyectos educativos, ambientales e investigativos, destac\u00e1ndose por promoverprocesos integrales orientados por principios de sostenibilidad y responsabilidad social.<\/p>\n","protected":false},"author":1,"featured_media":0,"parent":0,"menu_order":0,"comment_status":"closed","ping_status":"open","template":"","meta":{"footnotes":""},"class_list":["post-2","page","type-page","status-publish","hentry"],"_links":{"self":[{"href":"https:\/\/institutojoaquinmontoya.com.co\/index.php?rest_route=\/wp\/v2\/pages\/2","targetHints":{"allow":["GET"]}}],"collection":[{"href":"https:\/\/institutojoaquinmontoya.com.co\/index.php?rest_route=\/wp\/v2\/pages"}],"about":[{"href":"https:\/\/institutojoaquinmontoya.com.co\/index.php?rest_route=\/wp\/v2\/types\/page"}],"author":[{"embeddable":true,"href":"https:\/\/institutojoaquinmontoya.com.co\/index.php?rest_route=\/wp\/v2\/users\/1"}],"replies":[{"embeddable":true,"href":"https:\/\/institutojoaquinmontoya.com.co\/index.php?rest_route=%2Fwp%2Fv2%2Fcomments&post=2"}],"version-history":[{"count":7,"href":"https:\/\/institutojoaquinmontoya.com.co\/index.php?rest_route=\/wp\/v2\/pages\/2\/revisions"}],"predecessor-version":[{"id":51,"href":"https:\/\/institutojoaquinmontoya.com.co\/index.php?rest_route=\/wp\/v2\/pages\/2\/revisions\/51"}],"wp:attachment":[{"href":"https:\/\/institutojoaquinmontoya.com.co\/index.php?rest_route=%2Fwp%2Fv2%2Fmedia&parent=2"}],"curies":[{"name":"wp","href":"https:\/\/api.w.org\/{rel}","templated":true}]}}